{"id":87,"date":"2020-09-10T15:12:23","date_gmt":"2020-09-10T13:12:23","guid":{"rendered":"https:\/\/aikidogaume.wordpress.com\/?page_id=87"},"modified":"2025-12-06T18:00:05","modified_gmt":"2025-12-06T17:00:05","slug":"agenda-evenements","status":"publish","type":"page","link":"https:\/\/aikidogaume.be\/?page_id=87","title":{"rendered":"Agenda\/Ev\u00e9nements"},"content":{"rendered":"\n<div style=\"height:30px\" aria-hidden=\"true\" class=\"wp-block-spacer\"><\/div>\n\n\n\n<div class=\"wp-block-media-text has-media-on-the-right is-stacked-on-mobile\" style=\"grid-template-columns:auto 55%\"><div class=\"wp-block-media-text__content\">\n<p class=\"has-large-font-size\">Sensei Arnaud Lejeune, 5e Dan d&rsquo;Aikido Kishinkai, vient nous donner un stage le 22 mars 2026<\/p>\n<\/div><figure class=\"wp-block-media-text__media\"><img loading=\"lazy\" decoding=\"async\" width=\"724\" height=\"1024\" src=\"https:\/\/aikidogaume.be\/wp-content\/uploads\/2025\/12\/AfficheArnaudLejeune2026-724x1024.png\" alt=\"\" class=\"wp-image-546 size-full\" srcset=\"https:\/\/aikidogaume.be\/wp-content\/uploads\/2025\/12\/AfficheArnaudLejeune2026-724x1024.png 724w, https:\/\/aikidogaume.be\/wp-content\/uploads\/2025\/12\/AfficheArnaudLejeune2026-212x300.png 212w, https:\/\/aikidogaume.be\/wp-content\/uploads\/2025\/12\/AfficheArnaudLejeune2026-768x1086.png 768w, https:\/\/aikidogaume.be\/wp-content\/uploads\/2025\/12\/AfficheArnaudLejeune2026-1086x1536.png 1086w, https:\/\/aikidogaume.be\/wp-content\/uploads\/2025\/12\/AfficheArnaudLejeune2026-1448x2048.png 1448w, https:\/\/aikidogaume.be\/wp-content\/uploads\/2025\/12\/AfficheArnaudLejeune2026-1568x2218.png 1568w, https:\/\/aikidogaume.be\/wp-content\/uploads\/2025\/12\/AfficheArnaudLejeune2026.png 1587w\" sizes=\"(max-width: 724px) 100vw, 724px\" \/><\/figure><\/div>\n\n\n\n<div style=\"height:58px\" aria-hidden=\"true\" class=\"wp-block-spacer\"><\/div>\n\n\n\n<div class=\"wp-block-media-text alignwide has-media-on-the-right is-stacked-on-mobile\"><div class=\"wp-block-media-text__content\">\n<p class=\"has-large-font-size\">Rentr\u00e9e 2022 ! <\/p>\n\n\n\n<p>Cours tous les lundis et jeudis de 19h \u00e0 21h \u00e0 partir du 1er septembre<\/p>\n<\/div><figure class=\"wp-block-media-text__media\"><img loading=\"lazy\" decoding=\"async\" width=\"724\" height=\"1024\" src=\"https:\/\/aikidogaume.be\/wp-content\/uploads\/2022\/07\/295205948_1185422752023691_7741229009304718474_n-1-724x1024.jpg\" alt=\"\" class=\"wp-image-428 size-full\" srcset=\"https:\/\/aikidogaume.be\/wp-content\/uploads\/2022\/07\/295205948_1185422752023691_7741229009304718474_n-1-724x1024.jpg 724w, https:\/\/aikidogaume.be\/wp-content\/uploads\/2022\/07\/295205948_1185422752023691_7741229009304718474_n-1-212x300.jpg 212w, https:\/\/aikidogaume.be\/wp-content\/uploads\/2022\/07\/295205948_1185422752023691_7741229009304718474_n-1-768x1086.jpg 768w, https:\/\/aikidogaume.be\/wp-content\/uploads\/2022\/07\/295205948_1185422752023691_7741229009304718474_n-1-1086x1536.jpg 1086w, https:\/\/aikidogaume.be\/wp-content\/uploads\/2022\/07\/295205948_1185422752023691_7741229009304718474_n-1-1200x1697.jpg 1200w, https:\/\/aikidogaume.be\/wp-content\/uploads\/2022\/07\/295205948_1185422752023691_7741229009304718474_n-1.jpg 1448w\" sizes=\"(max-width: 724px) 100vw, 724px\" \/><\/figure><\/div>\n\n\n\n<div style=\"height:30px\" aria-hidden=\"true\" class=\"wp-block-spacer\"><\/div>\n\n\n\n<div class=\"wp-block-media-text alignwide is-stacked-on-mobile\"><figure class=\"wp-block-media-text__media\"><img loading=\"lazy\" decoding=\"async\" width=\"724\" height=\"1024\" src=\"https:\/\/aikidogaume.be\/wp-content\/uploads\/2022\/03\/275118787_3168821476706451_4927317028510775828_n-724x1024.png\" alt=\"\" class=\"wp-image-416 size-full\" srcset=\"https:\/\/aikidogaume.be\/wp-content\/uploads\/2022\/03\/275118787_3168821476706451_4927317028510775828_n-724x1024.png 724w, https:\/\/aikidogaume.be\/wp-content\/uploads\/2022\/03\/275118787_3168821476706451_4927317028510775828_n-212x300.png 212w, https:\/\/aikidogaume.be\/wp-content\/uploads\/2022\/03\/275118787_3168821476706451_4927317028510775828_n-768x1086.png 768w, https:\/\/aikidogaume.be\/wp-content\/uploads\/2022\/03\/275118787_3168821476706451_4927317028510775828_n-1086x1536.png 1086w, https:\/\/aikidogaume.be\/wp-content\/uploads\/2022\/03\/275118787_3168821476706451_4927317028510775828_n-1448x2048.png 1448w, https:\/\/aikidogaume.be\/wp-content\/uploads\/2022\/03\/275118787_3168821476706451_4927317028510775828_n-1200x1698.png 1200w, https:\/\/aikidogaume.be\/wp-content\/uploads\/2022\/03\/275118787_3168821476706451_4927317028510775828_n-1568x2218.png 1568w, https:\/\/aikidogaume.be\/wp-content\/uploads\/2022\/03\/275118787_3168821476706451_4927317028510775828_n.png 1587w\" sizes=\"(max-width: 724px) 100vw, 724px\" \/><\/figure><div class=\"wp-block-media-text__content\">\n<p class=\"has-large-font-size\"> Stage Kishinkai Aikido avec Arnaud Lejeune le Dimanche 15 Mai 2022 <\/p>\n<\/div><\/div>\n\n\n\n<div style=\"height:100px\" aria-hidden=\"true\" class=\"wp-block-spacer\"><\/div>\n\n\n\n<div class=\"wp-block-media-text alignwide has-media-on-the-right is-stacked-on-mobile\"><div class=\"wp-block-media-text__content\">\n<p class=\"has-large-font-size\">Stage Kishinkai Aikido avec Arnaud Lejeune le Dimanche 13 F\u00e9vrier 2022<\/p>\n<\/div><figure class=\"wp-block-media-text__media\"><img loading=\"lazy\" decoding=\"async\" width=\"724\" height=\"1024\" src=\"https:\/\/aikidogaume.be\/wp-content\/uploads\/2022\/01\/268452821_337004367945133_4104692069802135105_n-1-1-724x1024.png\" alt=\"\" class=\"wp-image-411 size-full\" srcset=\"https:\/\/aikidogaume.be\/wp-content\/uploads\/2022\/01\/268452821_337004367945133_4104692069802135105_n-1-1-724x1024.png 724w, https:\/\/aikidogaume.be\/wp-content\/uploads\/2022\/01\/268452821_337004367945133_4104692069802135105_n-1-1-212x300.png 212w, https:\/\/aikidogaume.be\/wp-content\/uploads\/2022\/01\/268452821_337004367945133_4104692069802135105_n-1-1-768x1086.png 768w, https:\/\/aikidogaume.be\/wp-content\/uploads\/2022\/01\/268452821_337004367945133_4104692069802135105_n-1-1-1086x1536.png 1086w, https:\/\/aikidogaume.be\/wp-content\/uploads\/2022\/01\/268452821_337004367945133_4104692069802135105_n-1-1-1200x1697.png 1200w, https:\/\/aikidogaume.be\/wp-content\/uploads\/2022\/01\/268452821_337004367945133_4104692069802135105_n-1-1.png 1448w\" sizes=\"(max-width: 724px) 100vw, 724px\" \/><\/figure><\/div>\n\n\n\n<div style=\"height:100px\" aria-hidden=\"true\" class=\"wp-block-spacer\"><\/div>\n\n\n\n<div class=\"wp-block-media-text alignwide is-stacked-on-mobile\"><figure class=\"wp-block-media-text__media\"><img loading=\"lazy\" decoding=\"async\" width=\"724\" height=\"1024\" src=\"https:\/\/aikidogaume.be\/wp-content\/uploads\/2021\/08\/239448360_586488646049928_2229200700685828803_n-724x1024.png\" alt=\"\" class=\"wp-image-385 size-full\" srcset=\"https:\/\/aikidogaume.be\/wp-content\/uploads\/2021\/08\/239448360_586488646049928_2229200700685828803_n-724x1024.png 724w, https:\/\/aikidogaume.be\/wp-content\/uploads\/2021\/08\/239448360_586488646049928_2229200700685828803_n-212x300.png 212w, https:\/\/aikidogaume.be\/wp-content\/uploads\/2021\/08\/239448360_586488646049928_2229200700685828803_n-768x1086.png 768w, https:\/\/aikidogaume.be\/wp-content\/uploads\/2021\/08\/239448360_586488646049928_2229200700685828803_n-1086x1536.png 1086w, https:\/\/aikidogaume.be\/wp-content\/uploads\/2021\/08\/239448360_586488646049928_2229200700685828803_n-1200x1697.png 1200w, https:\/\/aikidogaume.be\/wp-content\/uploads\/2021\/08\/239448360_586488646049928_2229200700685828803_n.png 1448w\" sizes=\"(max-width: 724px) 100vw, 724px\" \/><\/figure><div class=\"wp-block-media-text__content\">\n<p class=\"has-large-font-size\">C&rsquo;est la rentr\u00e9e au Dojo : rendez-vous tous les lundis et jeudis de 19h \u00e0 21h <\/p>\n<\/div><\/div>\n\n\n\n<div style=\"height:100px\" aria-hidden=\"true\" class=\"wp-block-spacer\"><\/div>\n\n\n\n<div style=\"height:100px\" aria-hidden=\"true\" class=\"wp-block-spacer\"><\/div>\n\n\n<div class=\"wp-block-jetpack-google-calendar\"><iframe loading=\"lazy\" src=\"https:\/\/calendar.google.com\/calendar\/embed?src=k4s8gq62cql6v07i2rg529hj48%40group.calendar.google.com&#038;ctz=Europe%2FBrussels\" frameborder=\"0\" style=\"border:0\" scrolling=\"no\" height=\"600\" width=\"100%\" sandbox=\"allow-scripts allow-same-origin\"><\/iframe><\/div>\n\n\n<ul class=\"wp-block-social-links aligncenter is-style-pill-shape is-layout-flex wp-block-social-links-is-layout-flex\"><li class=\"wp-social-link wp-social-link-facebook  wp-block-social-link\"><a href=\"https:\/\/www.facebook.com\/Aikido-Gaume-164999544066022\" class=\"wp-block-social-link-anchor\"><svg width=\"24\" height=\"24\" viewBox=\"0 0 24 24\" version=\"1.1\" xmlns=\"http:\/\/www.w3.org\/2000\/svg\" aria-hidden=\"true\" focusable=\"false\"><path d=\"M12 2C6.5 2 2 6.5 2 12c0 5 3.7 9.1 8.4 9.9v-7H7.9V12h2.5V9.8c0-2.5 1.5-3.9 3.8-3.9 1.1 0 2.2.2 2.2.2v2.5h-1.3c-1.2 0-1.6.8-1.6 1.6V12h2.8l-.4 2.9h-2.3v7C18.3 21.1 22 17 22 12c0-5.5-4.5-10-10-10z\"><\/path><\/svg><span class=\"wp-block-social-link-label screen-reader-text\">Facebook<\/span><\/a><\/li>\n\n\n\n\n\n\n\n<\/ul>\n","protected":false},"excerpt":{"rendered":"<p>Sensei Arnaud Lejeune, 5e Dan d&rsquo;Aikido Kishinkai, vient nous donner un stage le 22 mars 2026 Rentr\u00e9e 2022 ! Cours tous les lundis et jeudis de 19h \u00e0 21h \u00e0 partir du 1er septembre Stage Kishinkai Aikido avec Arnaud Lejeune le Dimanche 15 Mai 2022 Stage Kishinkai Aikido avec Arnaud Lejeune le Dimanche 13 F\u00e9vrier<a class=\"more-link\" href=\"https:\/\/aikidogaume.be\/?page_id=87\">Lire la suite <span class=\"screen-reader-text\">\u00ab\u00a0Agenda\/Ev\u00e9nements\u00a0\u00bb<\/span><\/a><\/p>\n","protected":false},"author":2,"featured_media":0,"parent":0,"menu_order":0,"comment_status":"closed","ping_status":"closed","template":"","meta":{"spay_email":"","footnotes":""},"class_list":["post-87","page","type-page","status-publish","hentry","entry"],"_links":{"self":[{"href":"https:\/\/aikidogaume.be\/index.php?rest_route=\/wp\/v2\/pages\/87"}],"collection":[{"href":"https:\/\/aikidogaume.be\/index.php?rest_route=\/wp\/v2\/pages"}],"about":[{"href":"https:\/\/aikidogaume.be\/index.php?rest_route=\/wp\/v2\/types\/page"}],"author":[{"embeddable":true,"href":"https:\/\/aikidogaume.be\/index.php?rest_route=\/wp\/v2\/users\/2"}],"replies":[{"embeddable":true,"href":"https:\/\/aikidogaume.be\/index.php?rest_route=%2Fwp%2Fv2%2Fcomments&post=87"}],"version-history":[{"count":27,"href":"https:\/\/aikidogaume.be\/index.php?rest_route=\/wp\/v2\/pages\/87\/revisions"}],"predecessor-version":[{"id":548,"href":"https:\/\/aikidogaume.be\/index.php?rest_route=\/wp\/v2\/pages\/87\/revisions\/548"}],"wp:attachment":[{"href":"https:\/\/aikidogaume.be\/index.php?rest_route=%2Fwp%2Fv2%2Fmedia&parent=87"}],"curies":[{"name":"wp","href":"https:\/\/api.w.org\/{rel}","templated":true}]}}