{"id":65,"date":"2020-09-10T14:52:18","date_gmt":"2020-09-10T12:52:18","guid":{"rendered":"https:\/\/aikidogaume.wordpress.com\/?page_id=65"},"modified":"2023-09-07T18:10:21","modified_gmt":"2023-09-07T16:10:21","slug":"contact","status":"publish","type":"page","link":"https:\/\/aikidogaume.be\/?page_id=65","title":{"rendered":"Contact"},"content":{"rendered":"\n<p class=\"has-text-align-center\">Professeur : <strong>Piotr Nowak<\/strong><br>T\u00e9l\u00e9phone: +33 6 15 37 89 63<br>Email: aikido-gaume@orange.fr<br><br>Cours lundi et jeudi de 19h \u00e0 21h<br> Tarif : 170\u20ac d&rsquo;adh\u00e9sion au dojo + 40\u20ac d&rsquo;adh\u00e9sion Kishinkai International (\u00e0 r\u00e9gulariser soi-m\u00eame en cliquant <a rel=\"noreferrer noopener\" href=\"https:\/\/kishinkai.international\/\" target=\"_blank\">ici<\/a>) + 10\u20ac la premi\u00e8re ann\u00e9e (pour le passeport) <br><br>Adresse: Centre culturel et sportif, A la Cour Marchal, 8, 6760 Virton, Belgique<\/p>\n\n\n\n<h2 class=\"wp-block-heading\">Trouvez nous ici :<\/h2>\n\n\n\n<div data-api-key=\"pk.eyJ1IjoiZWxhZGFyaCIsImEiOiJja2ZiNTVzOXMxMmdmMndxZ2JmdTAxcHZnIn0.TLJAmdIYZ_XXGv77O2fD_Q\" class=\"wp-block-jetpack-map is-style-default\" data-map-style=\"default\" data-map-details=\"true\" data-points=\"[{&quot;placeTitle&quot;:&quot;A La Cour Marchal&quot;,&quot;title&quot;:&quot;A La Cour Marchal&quot;,&quot;caption&quot;:&quot;A La Cour Marchal 8, Virton, 6760 Luxembourg, Belgium&quot;,&quot;id&quot;:&quot;address.948305866383606&quot;,&quot;coordinates&quot;:{&quot;longitude&quot;:5.537249,&quot;latitude&quot;:49.565794}}]\" data-zoom=\"13.95080024903853\" data-map-center=\"{&quot;lng&quot;:5.537249,&quot;lat&quot;:49.565794}\" data-marker-color=\"red\" data-show-fullscreen-button=\"true\"><ul><li><a href=\"https:\/\/www.google.com\/maps\/search\/?api=1&amp;query=49.565794,5.537249\">A La Cour Marchal<\/a><\/li><\/ul><\/div>\n\n\n\n<p><\/p>\n\n\n\n<ul class=\"wp-block-social-links aligncenter is-style-pill-shape is-layout-flex wp-block-social-links-is-layout-flex\"><li class=\"wp-social-link wp-social-link-facebook  wp-block-social-link\"><a href=\"https:\/\/www.facebook.com\/Aikido-Gaume-164999544066022\" class=\"wp-block-social-link-anchor\"><svg width=\"24\" height=\"24\" viewBox=\"0 0 24 24\" version=\"1.1\" xmlns=\"http:\/\/www.w3.org\/2000\/svg\" aria-hidden=\"true\" focusable=\"false\"><path d=\"M12 2C6.5 2 2 6.5 2 12c0 5 3.7 9.1 8.4 9.9v-7H7.9V12h2.5V9.8c0-2.5 1.5-3.9 3.8-3.9 1.1 0 2.2.2 2.2.2v2.5h-1.3c-1.2 0-1.6.8-1.6 1.6V12h2.8l-.4 2.9h-2.3v7C18.3 21.1 22 17 22 12c0-5.5-4.5-10-10-10z\"><\/path><\/svg><span class=\"wp-block-social-link-label screen-reader-text\">Facebook<\/span><\/a><\/li>\n\n\n\n\n\n\n\n<\/ul>\n\n\n\n<p><\/p>\n","protected":false},"excerpt":{"rendered":"<p>Professeur : Piotr NowakT\u00e9l\u00e9phone: +33 6 15 37 89 63Email: aikido-gaume@orange.fr Cours lundi et jeudi de 19h \u00e0 21h Tarif : 170\u20ac d&rsquo;adh\u00e9sion au dojo + 40\u20ac d&rsquo;adh\u00e9sion Kishinkai International (\u00e0 r\u00e9gulariser soi-m\u00eame en cliquant ici) + 10\u20ac la premi\u00e8re ann\u00e9e (pour le passeport) Adresse: Centre culturel et sportif, A la Cour Marchal, 8, 6760<a class=\"more-link\" href=\"https:\/\/aikidogaume.be\/?page_id=65\">Lire la suite <span class=\"screen-reader-text\">\u00ab\u00a0Contact\u00a0\u00bb<\/span><\/a><\/p>\n","protected":false},"author":2,"featured_media":0,"parent":0,"menu_order":0,"comment_status":"closed","ping_status":"closed","template":"","meta":{"spay_email":"","footnotes":""},"class_list":["post-65","page","type-page","status-publish","hentry","entry"],"_links":{"self":[{"href":"https:\/\/aikidogaume.be\/index.php?rest_route=\/wp\/v2\/pages\/65"}],"collection":[{"href":"https:\/\/aikidogaume.be\/index.php?rest_route=\/wp\/v2\/pages"}],"about":[{"href":"https:\/\/aikidogaume.be\/index.php?rest_route=\/wp\/v2\/types\/page"}],"author":[{"embeddable":true,"href":"https:\/\/aikidogaume.be\/index.php?rest_route=\/wp\/v2\/users\/2"}],"replies":[{"embeddable":true,"href":"https:\/\/aikidogaume.be\/index.php?rest_route=%2Fwp%2Fv2%2Fcomments&post=65"}],"version-history":[{"count":4,"href":"https:\/\/aikidogaume.be\/index.php?rest_route=\/wp\/v2\/pages\/65\/revisions"}],"predecessor-version":[{"id":457,"href":"https:\/\/aikidogaume.be\/index.php?rest_route=\/wp\/v2\/pages\/65\/revisions\/457"}],"wp:attachment":[{"href":"https:\/\/aikidogaume.be\/index.php?rest_route=%2Fwp%2Fv2%2Fmedia&parent=65"}],"curies":[{"name":"wp","href":"https:\/\/api.w.org\/{rel}","templated":true}]}}