{"id":489,"date":"2024-10-19T09:54:59","date_gmt":"2024-10-19T07:54:59","guid":{"rendered":"https:\/\/aikidogaume.be\/?page_id=489"},"modified":"2024-10-19T10:57:44","modified_gmt":"2024-10-19T08:57:44","slug":"parole-aux-pratiquants","status":"publish","type":"page","link":"https:\/\/aikidogaume.be\/?page_id=489","title":{"rendered":"Parole aux pratiquants"},"content":{"rendered":"\n<p class=\"has-text-align-justify\">Bienvenue dans l&rsquo;espace o\u00f9 on donne la parole aux pratiquants ! Une fois par mois, retrouvez ici un t\u00e9moignage exclusif d&rsquo;un pratiquant du club.<\/p>\n\n\n<ul style=\"padding-top:0;padding-bottom:0;\" class=\"wp-block-latest-posts__list has-dates wp-block-latest-posts has-small-font-size\"><li><a class=\"wp-block-latest-posts__post-title\" href=\"https:\/\/aikidogaume.be\/?p=528\">Parole aux pratiquants : Laurence<\/a><time datetime=\"2024-12-22T13:02:33+01:00\" class=\"wp-block-latest-posts__post-date\">22 d\u00e9cembre 2024<\/time><div class=\"wp-block-latest-posts__post-excerpt\">Depuis combien de temps pratiques-tu l&rsquo;a\u00efkido et comment as-tu d\u00e9couvert cet art martial ? J\u2019ai d\u00e9but\u00e9 l\u2019a\u00efkido en 2017 suite \u00e0 un stage \u00ab d\u00e9couverte des sports \u00bb propos\u00e9 par la commune de Virton. A l\u2019\u00e9poque, mon p\u00e8re \u00e9tait l\u2019entra\u00eeneur et j\u2019y avais inscrit mes enfants afin qu\u2019ils d\u00e9couvrent et<a class=\"more-link\" href=\"https:\/\/aikidogaume.be\/?p=528\">Lire la suite <span class=\"screen-reader-text\">\u00ab\u00a0Parole aux pratiquants : Laurence\u00a0\u00bb<\/span><\/a><\/div><\/li>\n<li><a class=\"wp-block-latest-posts__post-title\" href=\"https:\/\/aikidogaume.be\/?p=500\">Parole aux pratiquants : Mathis<\/a><time datetime=\"2024-10-19T10:49:21+02:00\" class=\"wp-block-latest-posts__post-date\">19 octobre 2024<\/time><div class=\"wp-block-latest-posts__post-excerpt\">Depuis combien de temps pratiques-tu l&rsquo;a\u00efkido et comment as-tu d\u00e9couvert cet art martial ? Cela fait 14 ans, depuis fin ao\u00fbt, que j&rsquo;ai commenc\u00e9 l&rsquo;a\u00efkido. J&rsquo;ai d\u00e9couvert cet art martial gr\u00e2ce \u00e0 un article dans le journal local qui en faisait la promotion. \u00c0 l\u2019\u00e9poque, je ne connaissais absolument pas<a class=\"more-link\" href=\"https:\/\/aikidogaume.be\/?p=500\">Lire la suite <span class=\"screen-reader-text\">\u00ab\u00a0Parole aux pratiquants : Mathis\u00a0\u00bb<\/span><\/a><\/div><\/li>\n<\/ul>","protected":false},"excerpt":{"rendered":"<p>Bienvenue dans l&rsquo;espace o\u00f9 on donne la parole aux pratiquants ! Une fois par mois, retrouvez ici un t\u00e9moignage exclusif d&rsquo;un pratiquant du club.<\/p>\n","protected":false},"author":1,"featured_media":0,"parent":0,"menu_order":0,"comment_status":"closed","ping_status":"closed","template":"","meta":{"spay_email":"","footnotes":""},"class_list":["post-489","page","type-page","status-publish","hentry","entry"],"_links":{"self":[{"href":"https:\/\/aikidogaume.be\/index.php?rest_route=\/wp\/v2\/pages\/489"}],"collection":[{"href":"https:\/\/aikidogaume.be\/index.php?rest_route=\/wp\/v2\/pages"}],"about":[{"href":"https:\/\/aikidogaume.be\/index.php?rest_route=\/wp\/v2\/types\/page"}],"author":[{"embeddable":true,"href":"https:\/\/aikidogaume.be\/index.php?rest_route=\/wp\/v2\/users\/1"}],"replies":[{"embeddable":true,"href":"https:\/\/aikidogaume.be\/index.php?rest_route=%2Fwp%2Fv2%2Fcomments&post=489"}],"version-history":[{"count":8,"href":"https:\/\/aikidogaume.be\/index.php?rest_route=\/wp\/v2\/pages\/489\/revisions"}],"predecessor-version":[{"id":515,"href":"https:\/\/aikidogaume.be\/index.php?rest_route=\/wp\/v2\/pages\/489\/revisions\/515"}],"wp:attachment":[{"href":"https:\/\/aikidogaume.be\/index.php?rest_route=%2Fwp%2Fv2%2Fmedia&parent=489"}],"curies":[{"name":"wp","href":"https:\/\/api.w.org\/{rel}","templated":true}]}}