{"id":465,"date":"2024-05-22T17:25:15","date_gmt":"2024-05-22T15:25:15","guid":{"rendered":"https:\/\/aikidogaume.be\/?page_id=465"},"modified":"2024-05-22T17:44:13","modified_gmt":"2024-05-22T15:44:13","slug":"24h-samourai-2024","status":"publish","type":"page","link":"https:\/\/aikidogaume.be\/?page_id=465","title":{"rendered":"24h Samoura\u00ef 2024"},"content":{"rendered":"\n<figure class=\"wp-block-image size-full\"><img loading=\"lazy\" decoding=\"async\" width=\"2560\" height=\"823\" src=\"https:\/\/aikidogaume.be\/wp-content\/uploads\/2024\/05\/442437327_476048578098044_7680558158626985034_n-scaled.jpg\" alt=\"\" class=\"wp-image-478\" srcset=\"https:\/\/aikidogaume.be\/wp-content\/uploads\/2024\/05\/442437327_476048578098044_7680558158626985034_n-scaled.jpg 2560w, https:\/\/aikidogaume.be\/wp-content\/uploads\/2024\/05\/442437327_476048578098044_7680558158626985034_n-300x97.jpg 300w, https:\/\/aikidogaume.be\/wp-content\/uploads\/2024\/05\/442437327_476048578098044_7680558158626985034_n-1024x329.jpg 1024w, https:\/\/aikidogaume.be\/wp-content\/uploads\/2024\/05\/442437327_476048578098044_7680558158626985034_n-768x247.jpg 768w, https:\/\/aikidogaume.be\/wp-content\/uploads\/2024\/05\/442437327_476048578098044_7680558158626985034_n-1536x494.jpg 1536w, https:\/\/aikidogaume.be\/wp-content\/uploads\/2024\/05\/442437327_476048578098044_7680558158626985034_n-2048x659.jpg 2048w, https:\/\/aikidogaume.be\/wp-content\/uploads\/2024\/05\/442437327_476048578098044_7680558158626985034_n-1568x504.jpg 1568w\" sizes=\"(max-width: 2560px) 100vw, 2560px\" \/><\/figure>\n\n\n\n<h2 class=\"wp-block-heading has-text-align-left\"><strong><span style=\"text-decoration: underline;\">Aikido Gaume aux 24H Samoura\u00ef : Une Exp\u00e9rience Unique<\/span><\/strong><\/h2>\n\n\n\n<p>Ce week-end, une petite d\u00e9l\u00e9gation d\u2019Aikido Gaume s\u2019est rendue \u00e0 Herblay (r\u00e9gion parisienne) pour participer \u00e0 la 3<sup>e<\/sup> \u00e9dition des 24H Samoura\u00ef, un \u00e9v\u00e9nement d\u00e9di\u00e9 aux arts martiaux qui se d\u00e9roulait du samedi 18 mai 2024 \u00e0 midi au dimanche 19 mai 2024 \u00e0 midi.<\/p>\n\n\n\n<h2 class=\"wp-block-heading\"><strong><u>Un Programme Intense<\/u><\/strong><\/h2>\n\n\n\n<p>Pendant 24 heures, les participants ont suivi dix cours de deux heures, entrecoup\u00e9s de pauses de 30 minutes, couvrant diverses disciplines :<\/p>\n\n\n\n<ul class=\"wp-block-list\">\n<li><strong>Shorin Ryu (Seisuke Adaniya)<\/strong><\/li>\n\n\n\n<li><strong>Wing Chun (Didier Beddar)<\/strong><\/li>\n\n\n\n<li><strong>Taekwondo (Ben Boehli)<\/strong><\/li>\n\n\n\n<li><strong>Hapkido (Rapha\u00ebl Couet)<\/strong><\/li>\n\n\n\n<li><strong>Luta Livre (Ludovic Rallo)<\/strong><\/li>\n\n\n\n<li><strong>Aikido (L\u00e9o Tamaki)<\/strong><\/li>\n\n\n\n<li><strong>Shinjukai Karate Do (Nicolas Lorber)<\/strong><\/li>\n\n\n\n<li><strong>Xingyiquan (Erwan Cloarec)<\/strong><\/li>\n\n\n\n<li><strong>Penchak Silat (Alvin Guinanao)<\/strong><\/li>\n\n\n\n<li><strong>Kyokushinkai (Romain Ansemo)<\/strong><\/li>\n<\/ul>\n\n\n\n<p>Les cours \u00e9taient pr\u00e9c\u00e9d\u00e9s par des performances vibrantes des percussionnistes du Paris Taikko Ensemble, ajoutant une \u00e9nergie particuli\u00e8re \u00e0 chaque session.<\/p>\n\n\n\n<figure class=\"wp-block-image size-large\"><img loading=\"lazy\" decoding=\"async\" width=\"1024\" height=\"461\" src=\"https:\/\/aikidogaume.be\/wp-content\/uploads\/2024\/05\/438271683_428580386554386_8368106322683126828_n-1-1024x461.jpg\" alt=\"\" class=\"wp-image-479\" srcset=\"https:\/\/aikidogaume.be\/wp-content\/uploads\/2024\/05\/438271683_428580386554386_8368106322683126828_n-1-1024x461.jpg 1024w, https:\/\/aikidogaume.be\/wp-content\/uploads\/2024\/05\/438271683_428580386554386_8368106322683126828_n-1-300x135.jpg 300w, https:\/\/aikidogaume.be\/wp-content\/uploads\/2024\/05\/438271683_428580386554386_8368106322683126828_n-1-768x346.jpg 768w, https:\/\/aikidogaume.be\/wp-content\/uploads\/2024\/05\/438271683_428580386554386_8368106322683126828_n-1-1536x691.jpg 1536w, https:\/\/aikidogaume.be\/wp-content\/uploads\/2024\/05\/438271683_428580386554386_8368106322683126828_n-1-1568x706.jpg 1568w, https:\/\/aikidogaume.be\/wp-content\/uploads\/2024\/05\/438271683_428580386554386_8368106322683126828_n-1.jpg 2000w\" sizes=\"(max-width: 1024px) 100vw, 1024px\" \/><\/figure>\n\n\n\n<h2 class=\"wp-block-heading\"><strong><u>Pause et D\u00e9tente avec le Shiatsu<\/u><\/strong><\/h2>\n\n\n\n<p>Nous avons b\u00e9n\u00e9fici\u00e9 de massages Shiatsu incroyables donn\u00e9s par les membres de l\u2019ENFS. Ces moments de d\u00e9tente nous ont revitalis\u00e9s, nous pr\u00e9parant parfaitement pour les cours suivants.<\/p>\n\n\n\n<h2 class=\"wp-block-heading\"><strong><u>Une Immersion Enrichissante<\/u><\/strong><\/h2>\n\n\n\n<p>Nous pratiquons l&rsquo;Aikido Kinshinkai, mais les cours des autres disciplines nous ont fait d\u00e9couvrir des pratiques incroyables. Cette diversit\u00e9 nous a montr\u00e9 des points communs avec d&rsquo;autres arts martiaux et nous a apport\u00e9 de nouvelles pistes \u00e0 explorer pour enrichir notre pratique. Ce partage a \u00e9t\u00e9 inestimable, offrant des perspectives nouvelles et tr\u00e8s inspirantes.<\/p>\n\n\n\n<figure class=\"wp-block-gallery has-nested-images columns-default is-cropped wp-block-gallery-1 is-layout-flex wp-block-gallery-is-layout-flex\">\n<figure class=\"wp-block-image size-large\"><img loading=\"lazy\" decoding=\"async\" width=\"768\" height=\"1024\" data-id=\"476\" src=\"https:\/\/aikidogaume.be\/wp-content\/uploads\/2024\/05\/438112353_1907665626320180_8457773620200412800_n-768x1024.jpg\" alt=\"\" class=\"wp-image-476\" srcset=\"https:\/\/aikidogaume.be\/wp-content\/uploads\/2024\/05\/438112353_1907665626320180_8457773620200412800_n-768x1024.jpg 768w, https:\/\/aikidogaume.be\/wp-content\/uploads\/2024\/05\/438112353_1907665626320180_8457773620200412800_n-225x300.jpg 225w, https:\/\/aikidogaume.be\/wp-content\/uploads\/2024\/05\/438112353_1907665626320180_8457773620200412800_n-1152x1536.jpg 1152w, https:\/\/aikidogaume.be\/wp-content\/uploads\/2024\/05\/438112353_1907665626320180_8457773620200412800_n.jpg 1536w\" sizes=\"(max-width: 768px) 100vw, 768px\" \/><\/figure>\n\n\n\n<figure class=\"wp-block-image size-large\"><img loading=\"lazy\" decoding=\"async\" width=\"768\" height=\"1024\" data-id=\"477\" src=\"https:\/\/aikidogaume.be\/wp-content\/uploads\/2024\/05\/438069589_899865288820580_75884299860856305_n-768x1024.jpg\" alt=\"\" class=\"wp-image-477\" srcset=\"https:\/\/aikidogaume.be\/wp-content\/uploads\/2024\/05\/438069589_899865288820580_75884299860856305_n-768x1024.jpg 768w, https:\/\/aikidogaume.be\/wp-content\/uploads\/2024\/05\/438069589_899865288820580_75884299860856305_n-225x300.jpg 225w, https:\/\/aikidogaume.be\/wp-content\/uploads\/2024\/05\/438069589_899865288820580_75884299860856305_n-1152x1536.jpg 1152w, https:\/\/aikidogaume.be\/wp-content\/uploads\/2024\/05\/438069589_899865288820580_75884299860856305_n.jpg 1536w\" sizes=\"(max-width: 768px) 100vw, 768px\" \/><\/figure>\n<\/figure>\n\n\n\n<h2 class=\"wp-block-heading\"><strong><u>Conclusion<\/u><\/strong><\/h2>\n\n\n\n<p>Les 24H Samoura\u00ef ont \u00e9t\u00e9 une exp\u00e9rience marquante pour les participants d\u2019Aikido Gaume, combinant pratique intense, multiples \u00e9changes et d\u00e9passement de soi. Nous sommes fiers d&rsquo;avoir particip\u00e9 \u00e0 cet \u00e9v\u00e9nement et impatients de partager nos apprentissages avec nos membres qui n\u2019ont pas pu nous accompagner.<\/p>\n","protected":false},"excerpt":{"rendered":"<p>Aikido Gaume aux 24H Samoura\u00ef : Une Exp\u00e9rience Unique Ce week-end, une petite d\u00e9l\u00e9gation d\u2019Aikido Gaume s\u2019est rendue \u00e0 Herblay (r\u00e9gion parisienne) pour participer \u00e0 la 3e \u00e9dition des 24H Samoura\u00ef, un \u00e9v\u00e9nement d\u00e9di\u00e9 aux arts martiaux qui se d\u00e9roulait du samedi 18 mai 2024 \u00e0 midi au dimanche 19 mai 2024 \u00e0 midi. Un<a class=\"more-link\" href=\"https:\/\/aikidogaume.be\/?page_id=465\">Lire la suite <span class=\"screen-reader-text\">\u00ab\u00a024h Samoura\u00ef 2024\u00a0\u00bb<\/span><\/a><\/p>\n","protected":false},"author":1,"featured_media":0,"parent":0,"menu_order":0,"comment_status":"closed","ping_status":"closed","template":"","meta":{"spay_email":"","footnotes":""},"class_list":["post-465","page","type-page","status-publish","hentry","entry"],"_links":{"self":[{"href":"https:\/\/aikidogaume.be\/index.php?rest_route=\/wp\/v2\/pages\/465"}],"collection":[{"href":"https:\/\/aikidogaume.be\/index.php?rest_route=\/wp\/v2\/pages"}],"about":[{"href":"https:\/\/aikidogaume.be\/index.php?rest_route=\/wp\/v2\/types\/page"}],"author":[{"embeddable":true,"href":"https:\/\/aikidogaume.be\/index.php?rest_route=\/wp\/v2\/users\/1"}],"replies":[{"embeddable":true,"href":"https:\/\/aikidogaume.be\/index.php?rest_route=%2Fwp%2Fv2%2Fcomments&post=465"}],"version-history":[{"count":5,"href":"https:\/\/aikidogaume.be\/index.php?rest_route=\/wp\/v2\/pages\/465\/revisions"}],"predecessor-version":[{"id":484,"href":"https:\/\/aikidogaume.be\/index.php?rest_route=\/wp\/v2\/pages\/465\/revisions\/484"}],"wp:attachment":[{"href":"https:\/\/aikidogaume.be\/index.php?rest_route=%2Fwp%2Fv2%2Fmedia&parent=465"}],"curies":[{"name":"wp","href":"https:\/\/api.w.org\/{rel}","templated":true}]}}