{"id":39,"date":"2020-09-10T13:46:27","date_gmt":"2020-09-10T11:46:27","guid":{"rendered":"https:\/\/aikidogaume.wordpress.com\/?page_id=39"},"modified":"2025-08-02T22:22:00","modified_gmt":"2025-08-02T20:22:00","slug":"accueil","status":"publish","type":"page","link":"https:\/\/aikidogaume.be\/","title":{"rendered":""},"content":{"rendered":"\n<div class=\"wp-block-group alignfull\"><div class=\"wp-block-group__inner-container is-layout-flow wp-block-group-is-layout-flow\">\n<div class=\"wp-block-group alignfull\"><div class=\"wp-block-group__inner-container is-layout-flow wp-block-group-is-layout-flow\">\n<div class=\"wp-block-cover alignfull is-position-center-center\" style=\"min-height:476px;aspect-ratio:unset;\"><span aria-hidden=\"true\" class=\"wp-block-cover__background has-background-dim-10 has-background-dim\"><\/span><img loading=\"lazy\" decoding=\"async\" width=\"333\" height=\"319\" class=\"wp-block-cover__image-background wp-image-204\" alt=\"\" src=\"http:\/\/aikidogaume.be\/wp-content\/uploads\/2020\/09\/unnamed.png\" style=\"object-position:50% 50%\" data-object-fit=\"cover\" data-object-position=\"50% 50%\" srcset=\"https:\/\/aikidogaume.be\/wp-content\/uploads\/2020\/09\/unnamed.png 333w, https:\/\/aikidogaume.be\/wp-content\/uploads\/2020\/09\/unnamed-300x287.png 300w\" sizes=\"(max-width: 333px) 100vw, 333px\" \/><div class=\"wp-block-cover__inner-container is-layout-flow wp-block-cover-is-layout-flow\">\n<p class=\"has-text-align-center has-background-color has-text-color\" style=\"font-size:59px;line-height:1.8\"><strong>A\u00efkido Gaume<\/strong><\/p>\n\n\n\n<div class=\"wp-block-group\"><div class=\"wp-block-group__inner-container is-layout-flow wp-block-group-is-layout-flow\">\n<p class=\"has-text-align-center has-background-color has-text-color\" style=\"line-height:1.5\">Un dojo Kishinkai A\u00efkido au coeur de la Gaume <\/p>\n<\/div><\/div>\n\n\n\n<div class=\"wp-block-buttons is-horizontal is-content-justification-center is-layout-flex wp-container-core-buttons-is-layout-1 wp-block-buttons-is-layout-flex\">\n<div class=\"wp-block-button\"><a class=\"wp-block-button__link has-background-color has-secondary-background-color has-text-color has-background wp-element-button\" href=\"https:\/\/aikidogaume.be\/?page_id=52\">En savoir plus<\/a><\/div>\n<\/div>\n<\/div><\/div>\n<\/div><\/div>\n<\/div><\/div>\n\n\n\n<p class=\"has-text-align-center\">C&rsquo;est la rentr\u00e9e ! Rejoignez nous le 1er septembre 2025 !<\/p>\n\n\n\n<div class=\"wp-block-buttons alignfull is-horizontal is-content-justification-center is-layout-flex wp-container-core-buttons-is-layout-2 wp-block-buttons-is-layout-flex\">\n<div class=\"wp-block-button is-style-outline is-style-outline--9a58ec354676eb502233c9d49eb37891\"><a class=\"wp-block-button__link has-background-color has-foreground-background-color has-text-color has-background wp-element-button\" href=\"https:\/\/aikidogaume.be\/?page_id=294\" rel=\"\">Nous rejoindre<\/a><\/div>\n<\/div>\n\n\n\n<div style=\"height:62px\" aria-hidden=\"true\" class=\"wp-block-spacer\"><\/div>\n\n\n<ul class=\"wp-block-latest-posts__list is-grid columns-2 wp-block-latest-posts has-text-color has-foreground-color has-background has-background-background-color has-huge-font-size\"><li><a class=\"wp-block-latest-posts__post-title\" href=\"https:\/\/aikidogaume.be\/?p=528\">Parole aux pratiquants : Laurence<\/a><div class=\"wp-block-latest-posts__post-excerpt\">Depuis combien de temps pratiques-tu l&rsquo;a\u00efkido et comment as-tu d\u00e9couvert cet art martial ? J\u2019ai d\u00e9but\u00e9 l\u2019a\u00efkido en 2017<a class=\"more-link\" href=\"https:\/\/aikidogaume.be\/?p=528\">Lire la suite <span class=\"screen-reader-text\">\u00ab\u00a0Parole aux pratiquants : Laurence\u00a0\u00bb<\/span><\/a><\/div><\/li>\n<li><a class=\"wp-block-latest-posts__post-title\" href=\"https:\/\/aikidogaume.be\/?p=500\">Parole aux pratiquants : Mathis<\/a><div class=\"wp-block-latest-posts__post-excerpt\">Depuis combien de temps pratiques-tu l&rsquo;a\u00efkido et comment as-tu d\u00e9couvert cet art martial ? Cela fait 14 ans, depuis<a class=\"more-link\" href=\"https:\/\/aikidogaume.be\/?p=500\">Lire la suite <span class=\"screen-reader-text\">\u00ab\u00a0Parole aux pratiquants : Mathis\u00a0\u00bb<\/span><\/a><\/div><\/li>\n<li><a class=\"wp-block-latest-posts__post-title\" href=\"https:\/\/aikidogaume.be\/?p=440\">Un mois, un dojo<\/a><div class=\"wp-block-latest-posts__post-excerpt\">Piotr Nowak, Gaume, Belgique &#8211; Interview reprise de la Kishinkai Newsletter #32 \u2013 juillet 2023 Quel est ton parcours<a class=\"more-link\" href=\"https:\/\/aikidogaume.be\/?p=440\">Lire la suite <span class=\"screen-reader-text\">\u00ab\u00a0Un mois, un dojo\u00a0\u00bb<\/span><\/a><\/div><\/li>\n<li><a class=\"wp-block-latest-posts__post-title\" href=\"https:\/\/aikidogaume.be\/?p=11\">C&rsquo;est quoi l&rsquo;a\u00efkido ?<\/a><div class=\"wp-block-latest-posts__post-excerpt\">L&rsquo;a\u00efkido est un art martial japonais fond\u00e9 par O&rsquo;sensei Morihei Ueshiba. Reconnu officiellement en 1942, l&rsquo;a\u00efkido puise ses bases<a class=\"more-link\" href=\"https:\/\/aikidogaume.be\/?p=11\">Lire la suite <span class=\"screen-reader-text\">\u00ab\u00a0C&rsquo;est quoi l&rsquo;a\u00efkido ?\u00a0\u00bb<\/span><\/a><\/div><\/li>\n<\/ul>\n\n\n<div class=\"wp-block-group alignfull has-foreground-dark-background-color has-background\"><div class=\"wp-block-group__inner-container is-layout-flow wp-block-group-is-layout-flow\">\n<p class=\"has-text-align-center\">&lt;&lt; L&rsquo;a\u00efkido est un Budo qui exprime au travers du corps les principes de l&rsquo;Univers. C&rsquo;est une voie qui permet de se conna\u00eetre soi-m\u00eame et de travailler sur soi-m\u00eame&gt;&gt;<br>Nobuyoshi TAMURA Sensei<\/p>\n<\/div><\/div>\n\n\n\n<div class=\"wp-block-jetpack-slideshow aligncenter\" data-autoplay=\"true\" data-delay=\"3\" data-effect=\"slide\"><div class=\"wp-block-jetpack-slideshow_container swiper-container\"><ul class=\"wp-block-jetpack-slideshow_swiper-wrapper swiper-wrapper\"><li class=\"wp-block-jetpack-slideshow_slide swiper-slide\"><figure><img loading=\"lazy\" decoding=\"async\" width=\"203\" height=\"300\" alt=\"\" class=\"wp-block-jetpack-slideshow_image wp-image-130\" data-id=\"130\" src=\"http:\/\/aikidogaume.be\/wp-content\/uploads\/2020\/09\/unnamed-203x300.jpg\" srcset=\"https:\/\/aikidogaume.be\/wp-content\/uploads\/2020\/09\/unnamed-203x300.jpg 203w, https:\/\/aikidogaume.be\/wp-content\/uploads\/2020\/09\/unnamed.jpg 282w\" sizes=\"(max-width: 203px) 100vw, 203px\" \/><\/figure><\/li><li class=\"wp-block-jetpack-slideshow_slide swiper-slide\"><figure><img loading=\"lazy\" decoding=\"async\" width=\"259\" height=\"194\" alt=\"\" class=\"wp-block-jetpack-slideshow_image wp-image-131\" data-id=\"131\" src=\"http:\/\/aikidogaume.be\/wp-content\/uploads\/2020\/09\/telechargement-1-1.jpg\"\/><\/figure><\/li><li class=\"wp-block-jetpack-slideshow_slide swiper-slide\"><figure><img loading=\"lazy\" decoding=\"async\" width=\"300\" height=\"168\" alt=\"\" class=\"wp-block-jetpack-slideshow_image wp-image-132\" data-id=\"132\" src=\"http:\/\/aikidogaume.be\/wp-content\/uploads\/2020\/09\/telechargement-2-1.jpg\"\/><\/figure><\/li><\/ul><a class=\"wp-block-jetpack-slideshow_button-prev swiper-button-prev swiper-button-white\" role=\"button\"><\/a><a class=\"wp-block-jetpack-slideshow_button-next swiper-button-next swiper-button-white\" role=\"button\"><\/a><a aria-label=\"Pause Slideshow\" class=\"wp-block-jetpack-slideshow_button-pause\" role=\"button\"><\/a><div class=\"wp-block-jetpack-slideshow_pagination swiper-pagination swiper-pagination-white\"><\/div><\/div><\/div>\n\n\n\n<div class=\"wp-block-group\"><div class=\"wp-block-group__inner-container is-layout-flow wp-block-group-is-layout-flow\">\n<ul class=\"wp-block-social-links aligncenter is-style-pill-shape is-layout-flex wp-block-social-links-is-layout-flex\"><li class=\"wp-social-link wp-social-link-facebook  wp-block-social-link\"><a href=\"https:\/\/www.facebook.com\/Aikido-Gaume-164999544066022\" class=\"wp-block-social-link-anchor\"><svg width=\"24\" height=\"24\" viewBox=\"0 0 24 24\" version=\"1.1\" xmlns=\"http:\/\/www.w3.org\/2000\/svg\" aria-hidden=\"true\" focusable=\"false\"><path d=\"M12 2C6.5 2 2 6.5 2 12c0 5 3.7 9.1 8.4 9.9v-7H7.9V12h2.5V9.8c0-2.5 1.5-3.9 3.8-3.9 1.1 0 2.2.2 2.2.2v2.5h-1.3c-1.2 0-1.6.8-1.6 1.6V12h2.8l-.4 2.9h-2.3v7C18.3 21.1 22 17 22 12c0-5.5-4.5-10-10-10z\"><\/path><\/svg><span class=\"wp-block-social-link-label screen-reader-text\">Facebook<\/span><\/a><\/li>\n\n\n\n\n\n\n\n\n\n<\/ul>\n\n\n\n<p><\/p>\n<\/div><\/div>\n","protected":false},"excerpt":{"rendered":"<p>C&rsquo;est la rentr\u00e9e ! Rejoignez nous le 1er septembre 2025 ! &lt;&lt; L&rsquo;a\u00efkido est un Budo qui exprime au travers du corps les principes de l&rsquo;Univers. C&rsquo;est une voie qui permet de se conna\u00eetre soi-m\u00eame et de travailler sur soi-m\u00eame&gt;&gt;Nobuyoshi TAMURA Sensei<\/p>\n","protected":false},"author":2,"featured_media":0,"parent":0,"menu_order":0,"comment_status":"closed","ping_status":"closed","template":"","meta":{"spay_email":"","footnotes":""},"class_list":["post-39","page","type-page","status-publish","hentry","entry"],"_links":{"self":[{"href":"https:\/\/aikidogaume.be\/index.php?rest_route=\/wp\/v2\/pages\/39"}],"collection":[{"href":"https:\/\/aikidogaume.be\/index.php?rest_route=\/wp\/v2\/pages"}],"about":[{"href":"https:\/\/aikidogaume.be\/index.php?rest_route=\/wp\/v2\/types\/page"}],"author":[{"embeddable":true,"href":"https:\/\/aikidogaume.be\/index.php?rest_route=\/wp\/v2\/users\/2"}],"replies":[{"embeddable":true,"href":"https:\/\/aikidogaume.be\/index.php?rest_route=%2Fwp%2Fv2%2Fcomments&post=39"}],"version-history":[{"count":37,"href":"https:\/\/aikidogaume.be\/index.php?rest_route=\/wp\/v2\/pages\/39\/revisions"}],"predecessor-version":[{"id":539,"href":"https:\/\/aikidogaume.be\/index.php?rest_route=\/wp\/v2\/pages\/39\/revisions\/539"}],"wp:attachment":[{"href":"https:\/\/aikidogaume.be\/index.php?rest_route=%2Fwp%2Fv2%2Fmedia&parent=39"}],"curies":[{"name":"wp","href":"https:\/\/api.w.org\/{rel}","templated":true}]}}