{"id":161,"date":"2020-09-10T22:19:28","date_gmt":"2020-09-10T20:19:28","guid":{"rendered":"https:\/\/aikidogaume.wordpress.com\/?page_id=161"},"modified":"2024-10-19T10:50:08","modified_gmt":"2024-10-19T08:50:08","slug":"cest-quoi-laikido","status":"publish","type":"page","link":"https:\/\/aikidogaume.be\/?page_id=161","title":{"rendered":"C&rsquo;est quoi l\u2019a\u00efkido ?"},"content":{"rendered":"\n<div class=\"wp-block-cover alignfull is-light is-position-center-center\"><span aria-hidden=\"true\" class=\"wp-block-cover__background has-background-dim-20 has-background-dim\"><\/span><img decoding=\"async\" class=\"wp-block-cover__image-background wp-image-232\" alt=\"\" src=\"https:\/\/aikidogaume.files.wordpress.com\/2020\/09\/ueshiba-211.jpg\" data-object-fit=\"cover\"\/><div class=\"wp-block-cover__inner-container is-layout-flow wp-block-cover-is-layout-flow\">\n<p class=\"has-text-align-center has-background-color has-text-color has-large-font-size\">                     &lt;&lt;<strong>Le secret de l&rsquo;A\u00efki est tout simple, il suffit d&rsquo;\u00eatre pr\u00e9sent au pr\u00e9sent<\/strong>&gt;&gt; O&rsquo;Sensei Ueshiba<\/p>\n<\/div><\/div>\n\n\n\n<div style=\"height:16px\" aria-hidden=\"true\" class=\"wp-block-spacer desktop-only\"><\/div>\n\n\n<ul class=\"wp-block-latest-posts__list is-grid columns-3 has-dates alignwide wp-block-latest-posts\"><li><a class=\"wp-block-latest-posts__post-title\" href=\"https:\/\/aikidogaume.be\/?p=440\">Un mois, un dojo<\/a><time datetime=\"2023-08-04T13:47:06+02:00\" class=\"wp-block-latest-posts__post-date\">4 ao\u00fbt 2023<\/time><div class=\"wp-block-latest-posts__post-excerpt\">Piotr Nowak, Gaume, Belgique &#8211; Interview reprise de la Kishinkai Newsletter #32 \u2013 juillet 2023 Quel est ton parcours martial ?Enfant j\u2019ai essay\u00e9 le judo et le jujutsu mais je n\u2019ai pas accroch\u00e9. Je suis arriv\u00e9 de Pologne en Belgique \u00e0 10\u00a0ans et j\u2019ai d\u00e9couvert le cin\u00e9ma am\u00e9ricain, dont le film \u00ab\u00a0Nico\u00a0\u00bb avec Steven Seagal.<a class=\"more-link\" href=\"https:\/\/aikidogaume.be\/?p=440\">Lire la suite <span class=\"screen-reader-text\">\u00ab\u00a0Un mois, un dojo\u00a0\u00bb<\/span><\/a><\/div><\/li>\n<li><a class=\"wp-block-latest-posts__post-title\" href=\"https:\/\/aikidogaume.be\/?p=11\">C&rsquo;est quoi l&rsquo;a\u00efkido ?<\/a><time datetime=\"2020-09-10T12:16:04+02:00\" class=\"wp-block-latest-posts__post-date\">10 septembre 2020<\/time><div class=\"wp-block-latest-posts__post-excerpt\">L&rsquo;a\u00efkido est un art martial japonais fond\u00e9 par O&rsquo;sensei Morihei Ueshiba. Reconnu officiellement en 1942, l&rsquo;a\u00efkido puise ses bases sur l&rsquo;exp\u00e9rience de son fondateur. En effet, O&rsquo;sensei a suivi un enseignement des koryu, de l&rsquo;aikijutsu et du kenjutsu. L&rsquo;union de ses diff\u00e9rents arts combl\u00e9s \u00e0 une grande r\u00e9flexion de la part de Ueshiba a cr\u00e9\u00e9<a class=\"more-link\" href=\"https:\/\/aikidogaume.be\/?p=11\">Lire la suite <span class=\"screen-reader-text\">\u00ab\u00a0C&rsquo;est quoi l&rsquo;a\u00efkido ?\u00a0\u00bb<\/span><\/a><\/div><\/li>\n<li><a class=\"wp-block-latest-posts__post-title\" href=\"https:\/\/aikidogaume.be\/?p=12\">L&rsquo;\u00e9cole Kishinkai A\u00efkido<\/a><time datetime=\"2020-09-10T12:16:03+02:00\" class=\"wp-block-latest-posts__post-date\">10 septembre 2020<\/time><div class=\"wp-block-latest-posts__post-excerpt\">Le Kishinkai est une \u00e9cole d&rsquo;a\u00efkido fond\u00e9e par L\u00e9o Tamaki ainsi que par son fr\u00e8re Issei Tamaki, Julien Coup et Tanguy Le Vourc&rsquo;h. On d\u00e9signe le Kishinkai d&rsquo;\u00e9cole mais pourquoi ? Il ne s&rsquo;agit pas d&rsquo;une f\u00e9d\u00e9ration o\u00f9 seule la mani\u00e8re du ma\u00eetre est correcte, mais d&rsquo;un cadre o\u00f9 chacun est libre de mener sa<a class=\"more-link\" href=\"https:\/\/aikidogaume.be\/?p=12\">Lire la suite <span class=\"screen-reader-text\">\u00ab\u00a0L&rsquo;\u00e9cole Kishinkai A\u00efkido\u00a0\u00bb<\/span><\/a><\/div><\/li>\n<li><a class=\"wp-block-latest-posts__post-title\" href=\"https:\/\/aikidogaume.be\/?p=13\">Tout savoir sur l&rsquo;a\u00efkido<\/a><time datetime=\"2020-09-10T12:16:02+02:00\" class=\"wp-block-latest-posts__post-date\">10 septembre 2020<\/time><div class=\"wp-block-latest-posts__post-excerpt\">Voici les petits d\u00e9tails et choses \u00e0 savoir sur l&rsquo;a\u00efkido. L&rsquo;ensemble des r\u00e8gles d&rsquo;un dojo est appel\u00e9 \u00ab\u00a0Reishiki\u00a0\u00bb. Elles ont pour but de pr\u00e9server le caract\u00e8re de la discipline, de d\u00e9velopper du respect mutuel et de pr\u00e9server la s\u00e9curit\u00e9 physique des pratiquants. Quelques petits rappels: On salue en entrant et sortant du dojo en direction<a class=\"more-link\" href=\"https:\/\/aikidogaume.be\/?p=13\">Lire la suite <span class=\"screen-reader-text\">\u00ab\u00a0Tout savoir sur l&rsquo;a\u00efkido\u00a0\u00bb<\/span><\/a><\/div><\/li>\n<\/ul>\n\n\n<div style=\"height:20px\" aria-hidden=\"true\" class=\"wp-block-spacer\"><\/div>\n\n\n\n<div style=\"height:16px\" aria-hidden=\"true\" class=\"wp-block-spacer desktop-only\"><\/div>\n\n\n\n<hr class=\"wp-block-separator has-css-opacity is-style-wide\"\/>\n\n\n\n<div style=\"height:16px\" aria-hidden=\"true\" class=\"wp-block-spacer desktop-only\"><\/div>\n\n\n\n<ul class=\"wp-block-social-links aligncenter is-style-pill-shape is-layout-flex wp-block-social-links-is-layout-flex\"><li class=\"wp-social-link wp-social-link-facebook  wp-block-social-link\"><a href=\"https:\/\/www.facebook.com\/Aikido-Gaume-164999544066022\" class=\"wp-block-social-link-anchor\"><svg width=\"24\" height=\"24\" viewBox=\"0 0 24 24\" version=\"1.1\" xmlns=\"http:\/\/www.w3.org\/2000\/svg\" aria-hidden=\"true\" focusable=\"false\"><path d=\"M12 2C6.5 2 2 6.5 2 12c0 5 3.7 9.1 8.4 9.9v-7H7.9V12h2.5V9.8c0-2.5 1.5-3.9 3.8-3.9 1.1 0 2.2.2 2.2.2v2.5h-1.3c-1.2 0-1.6.8-1.6 1.6V12h2.8l-.4 2.9h-2.3v7C18.3 21.1 22 17 22 12c0-5.5-4.5-10-10-10z\"><\/path><\/svg><span class=\"wp-block-social-link-label screen-reader-text\">Facebook<\/span><\/a><\/li>\n\n\n\n\n\n\n\n\n\n<\/ul>\n\n\n\n<p><\/p>\n","protected":false},"excerpt":{"rendered":"","protected":false},"author":2,"featured_media":0,"parent":0,"menu_order":0,"comment_status":"closed","ping_status":"closed","template":"","meta":{"spay_email":"","footnotes":""},"class_list":["post-161","page","type-page","status-publish","hentry","entry"],"_links":{"self":[{"href":"https:\/\/aikidogaume.be\/index.php?rest_route=\/wp\/v2\/pages\/161"}],"collection":[{"href":"https:\/\/aikidogaume.be\/index.php?rest_route=\/wp\/v2\/pages"}],"about":[{"href":"https:\/\/aikidogaume.be\/index.php?rest_route=\/wp\/v2\/types\/page"}],"author":[{"embeddable":true,"href":"https:\/\/aikidogaume.be\/index.php?rest_route=\/wp\/v2\/users\/2"}],"replies":[{"embeddable":true,"href":"https:\/\/aikidogaume.be\/index.php?rest_route=%2Fwp%2Fv2%2Fcomments&post=161"}],"version-history":[{"count":2,"href":"https:\/\/aikidogaume.be\/index.php?rest_route=\/wp\/v2\/pages\/161\/revisions"}],"predecessor-version":[{"id":511,"href":"https:\/\/aikidogaume.be\/index.php?rest_route=\/wp\/v2\/pages\/161\/revisions\/511"}],"wp:attachment":[{"href":"https:\/\/aikidogaume.be\/index.php?rest_route=%2Fwp%2Fv2%2Fmedia&parent=161"}],"curies":[{"name":"wp","href":"https:\/\/api.w.org\/{rel}","templated":true}]}}